{"id":297,"date":"2026-04-30T09:35:58","date_gmt":"2026-04-30T07:35:58","guid":{"rendered":"https:\/\/powerupumk.cm.umk.pl\/?page_id=297"},"modified":"2026-05-05T09:29:47","modified_gmt":"2026-05-05T07:29:47","slug":"kontakt","status":"publish","type":"page","link":"https:\/\/powerupumk.cm.umk.pl\/?page_id=297","title":{"rendered":"KONTAKT"},"content":{"rendered":"\n<div class=\"wp-block-group is-content-justification-center is-nowrap is-layout-flex wp-container-core-group-is-layout-23441af8 wp-block-group-is-layout-flex\">\n<figure class=\"wp-block-image size-full\"><img loading=\"lazy\" decoding=\"async\" width=\"1920\" height=\"723\" src=\"https:\/\/powerupumk.cm.umk.pl\/wp-content\/uploads\/2026\/04\/plakat_header_fullHD.png\" alt=\"\" class=\"wp-image-308\" style=\"object-fit:cover\" srcset=\"https:\/\/powerupumk.cm.umk.pl\/wp-content\/uploads\/2026\/04\/plakat_header_fullHD.png 1920w, https:\/\/powerupumk.cm.umk.pl\/wp-content\/uploads\/2026\/04\/plakat_header_fullHD-300x113.png 300w, https:\/\/powerupumk.cm.umk.pl\/wp-content\/uploads\/2026\/04\/plakat_header_fullHD-1024x386.png 1024w, https:\/\/powerupumk.cm.umk.pl\/wp-content\/uploads\/2026\/04\/plakat_header_fullHD-768x289.png 768w, https:\/\/powerupumk.cm.umk.pl\/wp-content\/uploads\/2026\/04\/plakat_header_fullHD-1536x578.png 1536w\" sizes=\"auto, (max-width: 1920px) 100vw, 1920px\" \/><\/figure>\n<\/div>\n\n\n\n<div class=\"wp-block-columns is-layout-flex wp-container-core-columns-is-layout-28f84493 wp-block-columns-is-layout-flex\">\n<div class=\"wp-block-column is-layout-flow wp-block-column-is-layout-flow\" style=\"flex-basis:25%\"><\/div>\n\n\n\n<div class=\"wp-block-column is-layout-flow wp-block-column-is-layout-flow\" style=\"flex-basis:50%\">\n<p class=\"has-navy-color has-text-color has-link-color has-xxx-large-font-size wp-elements-404f2de3a44d973cf2b707ce7f8ba4e0\" style=\"font-style:normal;font-weight:700\">Zesp\u00f3\u0142 projektowy<\/p>\n<\/div>\n\n\n\n<div class=\"wp-block-column is-layout-flow wp-block-column-is-layout-flow\" style=\"flex-basis:25%\"><\/div>\n<\/div>\n\n\n\n<div class=\"wp-block-columns is-layout-flex wp-container-core-columns-is-layout-28f84493 wp-block-columns-is-layout-flex\">\n<div class=\"wp-block-column is-layout-flow wp-block-column-is-layout-flow\" style=\"flex-basis:25%\"><\/div>\n\n\n\n<div class=\"wp-block-column is-layout-flow wp-block-column-is-layout-flow\" style=\"flex-basis:50%\">\n<p class=\"has-large-font-size\"><strong>Koordynator Projektu:<\/strong><\/p>\n\n\n\n<p>mgr Anetta Czerska<\/p>\n\n\n\n<p>tel.: 52 585 3915<\/p>\n\n\n\n<p>e-mail: <a href=\"mailto:anetta.czerska@cm.umk.pl\">anetta.czerska@cm.umk.pl<\/a><br><\/p>\n\n\n\n<div style=\"height:20px\" aria-hidden=\"true\" class=\"wp-block-spacer\"><\/div>\n\n\n\n<p><strong>Koordynator szkole\u0144 w cz\u0119\u015bci bydgoskiej Uniwersytetu:<\/strong><\/p>\n\n\n\n<p>mgr Dorota Zandrowicz<\/p>\n\n\n\n<p>tel.: 52 585 5995<\/p>\n\n\n\n<p>e-mail: <a href=\"mailto:dorota.zandrowicz@cm.umk.pl\">dorota.zandrowicz@cm.umk.pl<\/a><br><\/p>\n\n\n\n<div style=\"height:20px\" aria-hidden=\"true\" class=\"wp-block-spacer\"><\/div>\n\n\n\n<p><strong>Koordynator szkole\u0144 w cz\u0119\u015bci toru\u0144skiej Uniwersytetu:<\/strong><\/p>\n\n\n\n<p>dr Katarzyna Bia\u0142owicz<\/p>\n\n\n\n<p>tel.: 56 611 4344<\/p>\n\n\n\n<p>e-mail: <a href=\"mailto:katarzyna.bialowicz@umk.pl\">katarzyna.bialowicz@umk.pl<\/a><\/p>\n<\/div>\n\n\n\n<div class=\"wp-block-column is-layout-flow wp-block-column-is-layout-flow\" style=\"flex-basis:25%\"><\/div>\n<\/div>\n\n\n\n<div style=\"height:100px\" aria-hidden=\"true\" class=\"wp-block-spacer\"><\/div>\n","protected":false},"excerpt":{"rendered":"<p>Zesp\u00f3\u0142 projektowy Koordynator Projektu: mgr Anetta Czerska tel.: 52 585 3915 e-mail: anetta.czerska@cm.umk.pl Koordynator szkole\u0144 w cz\u0119\u015bci bydgoskiej Uniwersytetu: mgr Dorota Zandrowicz tel.: 52 585 5995 e-mail: dorota.zandrowicz@cm.umk.pl Koordynator szkole\u0144 w cz\u0119\u015bci toru\u0144skiej Uniwersytetu: dr Katarzyna Bia\u0142owicz tel.: 56 611 4344 e-mail: katarzyna.bialowicz@umk.pl<\/p>\n","protected":false},"author":1,"featured_media":0,"parent":0,"menu_order":0,"comment_status":"closed","ping_status":"closed","template":"full-width","meta":{"footnotes":""},"class_list":["post-297","page","type-page","status-publish","hentry"],"_links":{"self":[{"href":"https:\/\/powerupumk.cm.umk.pl\/index.php?rest_route=\/wp\/v2\/pages\/297","targetHints":{"allow":["GET"]}}],"collection":[{"href":"https:\/\/powerupumk.cm.umk.pl\/index.php?rest_route=\/wp\/v2\/pages"}],"about":[{"href":"https:\/\/powerupumk.cm.umk.pl\/index.php?rest_route=\/wp\/v2\/types\/page"}],"author":[{"embeddable":true,"href":"https:\/\/powerupumk.cm.umk.pl\/index.php?rest_route=\/wp\/v2\/users\/1"}],"replies":[{"embeddable":true,"href":"https:\/\/powerupumk.cm.umk.pl\/index.php?rest_route=%2Fwp%2Fv2%2Fcomments&post=297"}],"version-history":[{"count":12,"href":"https:\/\/powerupumk.cm.umk.pl\/index.php?rest_route=\/wp\/v2\/pages\/297\/revisions"}],"predecessor-version":[{"id":454,"href":"https:\/\/powerupumk.cm.umk.pl\/index.php?rest_route=\/wp\/v2\/pages\/297\/revisions\/454"}],"wp:attachment":[{"href":"https:\/\/powerupumk.cm.umk.pl\/index.php?rest_route=%2Fwp%2Fv2%2Fmedia&parent=297"}],"curies":[{"name":"wp","href":"https:\/\/api.w.org\/{rel}","templated":true}]}}