{"id":320,"date":"2026-04-30T11:39:21","date_gmt":"2026-04-30T09:39:21","guid":{"rendered":"https:\/\/powerupumk.cm.umk.pl\/?page_id=320"},"modified":"2026-05-12T14:13:02","modified_gmt":"2026-05-12T12:13:02","slug":"modu-1","status":"publish","type":"page","link":"https:\/\/powerupumk.cm.umk.pl\/?page_id=320","title":{"rendered":"MODU\u0141  1 &#8211; szkolenia obowi\u0105zkowe"},"content":{"rendered":"\n<p>Szkolenia planowane do realizacji w ramach modu\u0142u:<\/p>\n\n\n\n<ul class=\"wp-block-list\">\n<li>AI \u2013 prompt engineering,<\/li>\n\n\n\n<li>Bezpiecze\u0144stwo w sieci,<\/li>\n\n\n\n<li>Kreatywne rozwi\u0105zywanie problem\u00f3w oraz budowanie kultury wsp\u00f3\u0142pracy w zespole,<\/li>\n\n\n\n<li>Szkolenie e-learningowe: Zielona administracja &#8211; jak wdra\u017ca\u0107 zr\u00f3wnowa\u017cone praktyki w codziennej pracy biura,<\/li>\n\n\n\n<li>Szkolenie e-learningowe: ESG w szkolnictwie wy\u017cszym \u2013 obowi\u0105zki, oczekiwania i dobre praktyki,<\/li>\n\n\n\n<li>Szkolenie e-learningowe: Delegowanie zada\u0144, uprawnie\u0144 i odpowiedzialno\u015bci,<\/li>\n\n\n\n<li>Szkolenie e-learningowe: Cyfrowe zarz\u0105dzanie zespo\u0142em &#8211; narz\u0119dzia i praktyki,<\/li>\n\n\n\n<li>Warsztat praktyczny z zielonych kompetencji.<\/li>\n<\/ul>\n\n\n\n<p>Dla wszystkich uczestnik\u00f3w OBOWI\u0104ZKOWA jest realizacja 3 szkole\u0144 e-learningowych <br>(4 szkole\u0144 e-learningowych dla kadry zarz\u0105dzaj\u0105cej) oraz warsztatu.<br><br>Dodatkowo uczestnik mo\u017ce wybra\u0107 2 dodatkowe szkolenia <br>(kadra zarz\u0105dzaj\u0105ca fakultatywnie mo\u017ce wybra\u0107 do 3 dodatkowych szkole\u0144).<br><br>Szkolenia stacjonarne obejmuj\u0105 1 dzie\u0144 (8 jednostek szkoleniowych).<br><br>Daty i miejsca szkole\u0144 zostan\u0105 podane w terminie p\u00f3\u017aniejszym. Planuje si\u0119 realizacj\u0119 do 30.06.2027 roku.<\/p>\n\n\n\n<div style=\"height:85px\" aria-hidden=\"true\" class=\"wp-block-spacer\"><\/div>\n\n\n\n<div class=\"wp-block-columns is-layout-flex wp-container-core-columns-is-layout-28f84493 wp-block-columns-is-layout-flex\">\n<div class=\"wp-block-column is-layout-flow wp-block-column-is-layout-flow\"><\/div>\n\n\n<\/div>\n\n\n\n<div style=\"height:42px\" aria-hidden=\"true\" class=\"wp-block-spacer\"><\/div>\n\n\n\n<p>#FunduszeUE #FunduszeEuropejskie<\/p>\n\n\n\n<div style=\"height:100px\" aria-hidden=\"true\" class=\"wp-block-spacer\"><\/div>\n","protected":false},"excerpt":{"rendered":"<p>Szkolenia planowane do realizacji w ramach modu\u0142u: Dla wszystkich uczestnik\u00f3w OBOWI\u0104ZKOWA jest realizacja 3 szkole\u0144 e-learningowych (4 szkole\u0144 e-learningowych dla kadry zarz\u0105dzaj\u0105cej) oraz warsztatu. Dodatkowo uczestnik mo\u017ce wybra\u0107 2 dodatkowe szkolenia (kadra zarz\u0105dzaj\u0105ca fakultatywnie mo\u017ce wybra\u0107 do 3 dodatkowych szkole\u0144). Szkolenia stacjonarne obejmuj\u0105 1 dzie\u0144 (8 jednostek szkoleniowych). Daty i miejsca szkole\u0144 zostan\u0105 podane w [&hellip;]<\/p>\n","protected":false},"author":1,"featured_media":0,"parent":0,"menu_order":0,"comment_status":"closed","ping_status":"closed","template":"","meta":{"footnotes":""},"class_list":["post-320","page","type-page","status-publish","hentry"],"_links":{"self":[{"href":"https:\/\/powerupumk.cm.umk.pl\/index.php?rest_route=\/wp\/v2\/pages\/320","targetHints":{"allow":["GET"]}}],"collection":[{"href":"https:\/\/powerupumk.cm.umk.pl\/index.php?rest_route=\/wp\/v2\/pages"}],"about":[{"href":"https:\/\/powerupumk.cm.umk.pl\/index.php?rest_route=\/wp\/v2\/types\/page"}],"author":[{"embeddable":true,"href":"https:\/\/powerupumk.cm.umk.pl\/index.php?rest_route=\/wp\/v2\/users\/1"}],"replies":[{"embeddable":true,"href":"https:\/\/powerupumk.cm.umk.pl\/index.php?rest_route=%2Fwp%2Fv2%2Fcomments&post=320"}],"version-history":[{"count":8,"href":"https:\/\/powerupumk.cm.umk.pl\/index.php?rest_route=\/wp\/v2\/pages\/320\/revisions"}],"predecessor-version":[{"id":604,"href":"https:\/\/powerupumk.cm.umk.pl\/index.php?rest_route=\/wp\/v2\/pages\/320\/revisions\/604"}],"wp:attachment":[{"href":"https:\/\/powerupumk.cm.umk.pl\/index.php?rest_route=%2Fwp%2Fv2%2Fmedia&parent=320"}],"curies":[{"name":"wp","href":"https:\/\/api.w.org\/{rel}","templated":true}]}}