{"id":459,"date":"2026-05-05T09:35:50","date_gmt":"2026-05-05T07:35:50","guid":{"rendered":"https:\/\/powerupumk.cm.umk.pl\/?page_id=459"},"modified":"2026-05-12T14:06:00","modified_gmt":"2026-05-12T12:06:00","slug":"regulamin-projektu","status":"publish","type":"page","link":"https:\/\/powerupumk.cm.umk.pl\/?page_id=459","title":{"rendered":"Regulamin projektu"},"content":{"rendered":"\n<div style=\"height:19px\" aria-hidden=\"true\" class=\"wp-block-spacer\"><\/div>\n\n\n\n<p>Uczestnikiem Projektu mo\u017ce by\u0107 osoba, kt\u00f3ra:<\/p>\n\n\n\n<p>&#8211; jest zatrudniona w Uniwersytecie co najmniej do 30.06.2027 r.,<\/p>\n\n\n\n<p>&#8211; nale\u017cy do kadry zaanga\u017cowanej w procesy administrowania uczelni\u0105 i\/lub kadry kierowniczej,<\/p>\n\n\n\n<p>&#8211; zadeklaruje potrzeb\u0119 rozwoju kompetencji cyfrowych i zielonej transformacji oraz zarz\u0105dczych (w przypadku kadry zarz\u0105dzaj\u0105cej).<\/p>\n\n\n\n<div style=\"height:20px\" aria-hidden=\"true\" class=\"wp-block-spacer\"><\/div>\n\n\n\n<div class=\"wp-block-create-block-file-link-block\"><a href=\"https:\/\/powerupumk.cm.umk.pl\/wp-content\/uploads\/2026\/05\/Regulamin-projektu_POWERupUMK.pdf\" class=\"file-link\" target=\"_blank\" rel=\"noopener noreferrer\"><i class=\"far fa-file-pdf\" style=\"color:#dc3545;margin-right:8px\"><\/i><span class=\"file-name\">Regulamin projektu_POWERupUMK<\/span><span class=\"file-size\"> (852KB)<\/span><\/a><\/div>\n\n\n\n<div class=\"wp-block-create-block-file-link-block\"><a href=\"https:\/\/powerupumk.cm.umk.pl\/wp-content\/uploads\/2026\/05\/zalacznik-nr-1_Formularz-indywidualnej-sciezki-rozwoju_.pdf\" class=\"file-link\" target=\"_blank\" rel=\"noopener noreferrer\"><i class=\"far fa-file-pdf\" style=\"color:#dc3545;margin-right:8px\"><\/i><span class=\"file-name\">za\u0142\u0105cznik nr 1_Formularz indywidualnej \u015bcie\u017cki rozwoju_<\/span><span class=\"file-size\"> (783KB)<\/span><\/a><\/div>\n\n\n\n<div class=\"wp-block-create-block-file-link-block\"><a href=\"https:\/\/powerupumk.cm.umk.pl\/wp-content\/uploads\/2026\/05\/zalacznik-nr-2_Zakres-danych-Uczestnika-Projektu.pdf\" class=\"file-link\" target=\"_blank\" rel=\"noopener noreferrer\"><i class=\"far fa-file-pdf\" style=\"color:#dc3545;margin-right:8px\"><\/i><span class=\"file-name\">za\u0142\u0105cznik nr 2_Zakres danych Uczestnika Projektu<\/span><span class=\"file-size\"> (1 277KB)<\/span><\/a><\/div>\n\n\n\n<div class=\"wp-block-create-block-file-link-block\"><a href=\"https:\/\/powerupumk.cm.umk.pl\/wp-content\/uploads\/2026\/05\/zalacznik-nr-3_Deklaracja-udzialu-w-projekcie-FERS.pdf\" class=\"file-link\" target=\"_blank\" rel=\"noopener noreferrer\"><i class=\"far fa-file-pdf\" style=\"color:#dc3545;margin-right:8px\"><\/i><span class=\"file-name\">za\u0142\u0105cznik nr 3_Deklaracja udzia\u0142u w projekcie FERS<\/span><span class=\"file-size\"> (848KB)<\/span><\/a><\/div>\n\n\n\n<div class=\"wp-block-create-block-file-link-block\"><a href=\"https:\/\/powerupumk.cm.umk.pl\/wp-content\/uploads\/2026\/05\/zalacznik-nr-4_Informacja-uczestnika-projektu-nt.sytuacji-po-zakonczeniu-udzialu-w-projekcie.pdf\" class=\"file-link\" target=\"_blank\" rel=\"noopener noreferrer\"><i class=\"far fa-file-pdf\" style=\"color:#dc3545;margin-right:8px\"><\/i><span class=\"file-name\">za\u0142\u0105cznik nr 4_Informacja uczestnika projektu nt.sytuacji po zakonczeniu udzialu w projekcie<\/span><span class=\"file-size\"> (736KB)<\/span><\/a><\/div>\n\n\n\n<div class=\"wp-block-create-block-file-link-block\"><a href=\"https:\/\/powerupumk.cm.umk.pl\/wp-content\/uploads\/2026\/05\/zalacznik-nr-5_Oswiadczenie-uczestnika-projektu_RODO.pdf\" class=\"file-link\" target=\"_blank\" rel=\"noopener noreferrer\"><i class=\"far fa-file-pdf\" style=\"color:#dc3545;margin-right:8px\"><\/i><span class=\"file-name\">za\u0142\u0105cznik nr 5_O\u015bwiadczenie uczestnika projektu_RODO<\/span><span class=\"file-size\"> (727KB)<\/span><\/a><\/div>\n\n\n\n<div class=\"wp-block-create-block-file-link-block\"><a href=\"https:\/\/powerupumk.cm.umk.pl\/wp-content\/uploads\/2026\/05\/zalacznik-nr-6_Klauzula-informacyjna-NCBIR.pdf\" class=\"file-link\" target=\"_blank\" rel=\"noopener noreferrer\"><i class=\"far fa-file-pdf\" style=\"color:#dc3545;margin-right:8px\"><\/i><span class=\"file-name\">za\u0142\u0105cznik nr 6_Klauzula informacyjna NCBIR<\/span><span class=\"file-size\"> (618KB)<\/span><\/a><\/div>\n\n\n\n<div class=\"wp-block-create-block-file-link-block\"><a href=\"https:\/\/powerupumk.cm.umk.pl\/wp-content\/uploads\/2026\/05\/zalacznik-nr-7_Klauzula-informacyjna-ministra-wlasciwego-ds.-rozwoju-regionalnego.pdf\" class=\"file-link\" target=\"_blank\" rel=\"noopener noreferrer\"><i class=\"far fa-file-pdf\" style=\"color:#dc3545;margin-right:8px\"><\/i><span class=\"file-name\">za\u0142\u0105cznik nr 7_Klauzula informacyjna ministra w\u0142a\u015bciwego ds. rozwoju regionalnego<\/span><span class=\"file-size\"> (808KB)<\/span><\/a><\/div>\n\n\n\n<div style=\"height:100px\" aria-hidden=\"true\" class=\"wp-block-spacer\"><\/div>\n","protected":false},"excerpt":{"rendered":"<p>Uczestnikiem Projektu mo\u017ce by\u0107 osoba, kt\u00f3ra: &#8211; jest zatrudniona w Uniwersytecie co najmniej do 30.06.2027 r., &#8211; nale\u017cy do kadry zaanga\u017cowanej w procesy administrowania uczelni\u0105 i\/lub kadry kierowniczej, &#8211; zadeklaruje potrzeb\u0119 rozwoju kompetencji cyfrowych i zielonej transformacji oraz zarz\u0105dczych (w przypadku kadry zarz\u0105dzaj\u0105cej).<\/p>\n","protected":false},"author":1,"featured_media":0,"parent":0,"menu_order":0,"comment_status":"closed","ping_status":"closed","template":"page-no-gap","meta":{"footnotes":""},"class_list":["post-459","page","type-page","status-publish","hentry"],"_links":{"self":[{"href":"https:\/\/powerupumk.cm.umk.pl\/index.php?rest_route=\/wp\/v2\/pages\/459","targetHints":{"allow":["GET"]}}],"collection":[{"href":"https:\/\/powerupumk.cm.umk.pl\/index.php?rest_route=\/wp\/v2\/pages"}],"about":[{"href":"https:\/\/powerupumk.cm.umk.pl\/index.php?rest_route=\/wp\/v2\/types\/page"}],"author":[{"embeddable":true,"href":"https:\/\/powerupumk.cm.umk.pl\/index.php?rest_route=\/wp\/v2\/users\/1"}],"replies":[{"embeddable":true,"href":"https:\/\/powerupumk.cm.umk.pl\/index.php?rest_route=%2Fwp%2Fv2%2Fcomments&post=459"}],"version-history":[{"count":11,"href":"https:\/\/powerupumk.cm.umk.pl\/index.php?rest_route=\/wp\/v2\/pages\/459\/revisions"}],"predecessor-version":[{"id":601,"href":"https:\/\/powerupumk.cm.umk.pl\/index.php?rest_route=\/wp\/v2\/pages\/459\/revisions\/601"}],"wp:attachment":[{"href":"https:\/\/powerupumk.cm.umk.pl\/index.php?rest_route=%2Fwp%2Fv2%2Fmedia&parent=459"}],"curies":[{"name":"wp","href":"https:\/\/api.w.org\/{rel}","templated":true}]}}