{"id":76,"date":"2026-04-09T13:14:38","date_gmt":"2026-04-09T11:14:38","guid":{"rendered":"https:\/\/powerupumk.cm.umk.pl\/?page_id=76"},"modified":"2026-05-08T10:12:19","modified_gmt":"2026-05-08T08:12:19","slug":"modul-3-szkolenia-specjalistyczne","status":"publish","type":"page","link":"https:\/\/powerupumk.cm.umk.pl\/?page_id=76","title":{"rendered":"MODU\u0141 3 &#8211; Szkolenia specjalistyczne"},"content":{"rendered":"\n<p>Szkolenia planowane do realizacji w ramach modu\u0142u:<\/p>\n\n\n\n<ul class=\"wp-block-list\">\n<li>Szkolenie z zakresu komunikacji<\/li>\n\n\n\n<li>Szkolenie z zakresu analityki danych<\/li>\n\n\n\n<li>Szkolenie z zakresu samodzielno\u015bci i podejmowania decyzji<\/li>\n\n\n\n<li>Szkolenie z zakresu zarz\u0105dzania procesowego<\/li>\n\n\n\n<li>Szkolenie merytoryczne (stanowiskowe) dla pracownik\u00f3w ksi\u0119gowo\u015bci, HR, kadr i p\u0142ac<\/li>\n\n\n\n<li>Szkolenie merytoryczne z zakresu zam\u00f3wie\u0144 publicznych i finans\u00f3w publicznych<\/li>\n\n\n\n<li>Szkolenie merytoryczne (stanowiskowe) dla pracownik\u00f3w front office<\/li>\n<\/ul>\n\n\n\n<p>Szkolenia z MODU\u0141U 3 dost\u0119pne wy\u0142\u0105cznie dla uczestnik\u00f3w projektu, kt\u00f3rzy uko\u0144czyli szkolenia z modu\u0142\u00f3w 1 i 2.<\/p>\n\n\n\n<p>Szczeg\u00f3\u0142owa tematyka szkole\u0144 oraz ich rzeczywisty rozk\u0142ad na tematy i grupy zostanie podany po zako\u0144czeniu opracowywania Indywidualnych \u015acie\u017cek Rozwoju<\/p>\n\n\n\n<p>Daty i miejsca szkole\u0144 zostan\u0105 podane w terminie p\u00f3\u017aniejszym.<\/p>\n\n\n\n<div style=\"height:100px\" aria-hidden=\"true\" class=\"wp-block-spacer\"><\/div>\n\n\n\n<div class=\"wp-block-columns is-layout-flex wp-container-core-columns-is-layout-28f84493 wp-block-columns-is-layout-flex\">\n<div class=\"wp-block-column is-layout-flow wp-block-column-is-layout-flow\"><\/div>\n\n\n<\/div>\n\n\n\n<div style=\"height:100px\" aria-hidden=\"true\" class=\"wp-block-spacer\"><\/div>\n\n\n\n<p>#FunduszeUE #FunduszeEuropejskie<\/p>\n","protected":false},"excerpt":{"rendered":"<p>Szkolenia planowane do realizacji w ramach modu\u0142u: Szkolenia z MODU\u0141U 3 dost\u0119pne wy\u0142\u0105cznie dla uczestnik\u00f3w projektu, kt\u00f3rzy uko\u0144czyli szkolenia z modu\u0142\u00f3w 1 i 2. Szczeg\u00f3\u0142owa tematyka szkole\u0144 oraz ich rzeczywisty rozk\u0142ad na tematy i grupy zostanie podany po zako\u0144czeniu opracowywania Indywidualnych \u015acie\u017cek Rozwoju Daty i miejsca szkole\u0144 zostan\u0105 podane w terminie p\u00f3\u017aniejszym. Koordynator Projektu: mgr [&hellip;]<\/p>\n","protected":false},"author":1,"featured_media":0,"parent":0,"menu_order":0,"comment_status":"closed","ping_status":"closed","template":"","meta":{"footnotes":""},"class_list":["post-76","page","type-page","status-publish","hentry"],"_links":{"self":[{"href":"https:\/\/powerupumk.cm.umk.pl\/index.php?rest_route=\/wp\/v2\/pages\/76","targetHints":{"allow":["GET"]}}],"collection":[{"href":"https:\/\/powerupumk.cm.umk.pl\/index.php?rest_route=\/wp\/v2\/pages"}],"about":[{"href":"https:\/\/powerupumk.cm.umk.pl\/index.php?rest_route=\/wp\/v2\/types\/page"}],"author":[{"embeddable":true,"href":"https:\/\/powerupumk.cm.umk.pl\/index.php?rest_route=\/wp\/v2\/users\/1"}],"replies":[{"embeddable":true,"href":"https:\/\/powerupumk.cm.umk.pl\/index.php?rest_route=%2Fwp%2Fv2%2Fcomments&post=76"}],"version-history":[{"count":7,"href":"https:\/\/powerupumk.cm.umk.pl\/index.php?rest_route=\/wp\/v2\/pages\/76\/revisions"}],"predecessor-version":[{"id":582,"href":"https:\/\/powerupumk.cm.umk.pl\/index.php?rest_route=\/wp\/v2\/pages\/76\/revisions\/582"}],"wp:attachment":[{"href":"https:\/\/powerupumk.cm.umk.pl\/index.php?rest_route=%2Fwp%2Fv2%2Fmedia&parent=76"}],"curies":[{"name":"wp","href":"https:\/\/api.w.org\/{rel}","templated":true}]}}