{"id":78,"date":"2026-04-09T13:20:51","date_gmt":"2026-04-09T11:20:51","guid":{"rendered":"https:\/\/powerupumk.cm.umk.pl\/?page_id=78"},"modified":"2026-05-08T10:14:17","modified_gmt":"2026-05-08T08:14:17","slug":"modul-4-szkolenia-indywidualne","status":"publish","type":"page","link":"https:\/\/powerupumk.cm.umk.pl\/?page_id=78","title":{"rendered":"MODU\u0141 4 &#8211; Szkolenia indywidualne"},"content":{"rendered":"\n<p>Szkolenia planowane do realizacji w ramach modu\u0142u:<\/p>\n\n\n\n<ul class=\"wp-block-list\">\n<li><strong><em>Studia podyplomowe <\/em><\/strong><\/li>\n\n\n\n<li><strong><em>Kursy indywidualne <\/em><\/strong><\/li>\n\n\n\n<li><strong><em>Szkolenia indywidualne <\/em><\/strong><\/li>\n<\/ul>\n\n\n\n<p>Szkolenia z MODU\u0141U 4 dost\u0119pne wy\u0142\u0105cznie dla uczestnik\u00f3w projektu, kt\u00f3rzy uko\u0144czyli szkolenia z modu\u0142\u00f3w 1 i 2<\/p>\n\n\n\n<p>Tematyka szkole\u0144 w ramach modu\u0142u 4 wynika\u0107 b\u0119dzie z uzgodnionego ISR (Indywidualnej \u015acie\u017cki Rozwoju).<\/p>\n\n\n\n<p>Daty i miejsca szkole\u0144 zostan\u0105 podane w terminie p\u00f3\u017aniejszym.<\/p>\n\n\n\n<div style=\"height:100px\" aria-hidden=\"true\" class=\"wp-block-spacer\"><\/div>\n\n\n\n<div class=\"wp-block-columns is-layout-flex wp-container-core-columns-is-layout-28f84493 wp-block-columns-is-layout-flex\">\n<div class=\"wp-block-column is-layout-flow wp-block-column-is-layout-flow\"><\/div>\n\n\n<\/div>\n\n\n\n<div style=\"height:100px\" aria-hidden=\"true\" class=\"wp-block-spacer\"><\/div>\n\n\n\n<p>#FunduszeUE #FunduszeEuropejskie<\/p>\n","protected":false},"excerpt":{"rendered":"<p>Szkolenia planowane do realizacji w ramach modu\u0142u: Szkolenia z MODU\u0141U 4 dost\u0119pne wy\u0142\u0105cznie dla uczestnik\u00f3w projektu, kt\u00f3rzy uko\u0144czyli szkolenia z modu\u0142\u00f3w 1 i 2 Tematyka szkole\u0144 w ramach modu\u0142u 4 wynika\u0107 b\u0119dzie z uzgodnionego ISR (Indywidualnej \u015acie\u017cki Rozwoju). Daty i miejsca szkole\u0144 zostan\u0105 podane w terminie p\u00f3\u017aniejszym. Koordynator Projektu: mgr Anetta Czerska tel.: 52 585 [&hellip;]<\/p>\n","protected":false},"author":1,"featured_media":0,"parent":0,"menu_order":0,"comment_status":"closed","ping_status":"closed","template":"","meta":{"footnotes":""},"class_list":["post-78","page","type-page","status-publish","hentry"],"_links":{"self":[{"href":"https:\/\/powerupumk.cm.umk.pl\/index.php?rest_route=\/wp\/v2\/pages\/78","targetHints":{"allow":["GET"]}}],"collection":[{"href":"https:\/\/powerupumk.cm.umk.pl\/index.php?rest_route=\/wp\/v2\/pages"}],"about":[{"href":"https:\/\/powerupumk.cm.umk.pl\/index.php?rest_route=\/wp\/v2\/types\/page"}],"author":[{"embeddable":true,"href":"https:\/\/powerupumk.cm.umk.pl\/index.php?rest_route=\/wp\/v2\/users\/1"}],"replies":[{"embeddable":true,"href":"https:\/\/powerupumk.cm.umk.pl\/index.php?rest_route=%2Fwp%2Fv2%2Fcomments&post=78"}],"version-history":[{"count":7,"href":"https:\/\/powerupumk.cm.umk.pl\/index.php?rest_route=\/wp\/v2\/pages\/78\/revisions"}],"predecessor-version":[{"id":586,"href":"https:\/\/powerupumk.cm.umk.pl\/index.php?rest_route=\/wp\/v2\/pages\/78\/revisions\/586"}],"wp:attachment":[{"href":"https:\/\/powerupumk.cm.umk.pl\/index.php?rest_route=%2Fwp%2Fv2%2Fmedia&parent=78"}],"curies":[{"name":"wp","href":"https:\/\/api.w.org\/{rel}","templated":true}]}}